{"id":23,"date":"2020-11-07T05:25:55","date_gmt":"2020-11-07T05:25:55","guid":{"rendered":"https:\/\/gyngruppen.se\/?page_id=23"},"modified":"2026-04-17T05:53:29","modified_gmt":"2026-04-17T05:53:29","slug":"valkommen","status":"publish","type":"page","link":"https:\/\/gynekologgruppen.se\/","title":{"rendered":"V\u00e4lkommen"},"content":{"rendered":"<p>[et_pb_section fb_built=&#8221;1&#8243; custom_padding_last_edited=&#8221;on|phone&#8221; next_background_color=&#8221;#ffffff&#8221; admin_label=&#8221;Header bild&#8221; _builder_version=&#8221;4.16&#8243; _module_preset=&#8221;default&#8221; background_image=&#8221;https:\/\/gyngruppen.se\/wp-content\/uploads\/2020\/11\/omslag-3-1.jpg&#8221; custom_padding=&#8221;100px||100px||true|false&#8221; custom_padding_tablet=&#8221;&#8221; custom_padding_phone=&#8221;60px||20px||false|false&#8221; top_divider_height_tablet=&#8221;&#8221; top_divider_height_phone=&#8221;&#8221; top_divider_height_last_edited=&#8221;on|phone&#8221; bottom_divider_style=&#8221;curve&#8221; bottom_divider_height=&#8221;50px&#8221; bottom_divider_height_tablet=&#8221;&#8221; bottom_divider_height_phone=&#8221;30px&#8221; bottom_divider_height_last_edited=&#8221;on|phone&#8221; background_last_edited=&#8221;on|desktop&#8221; global_colors_info=&#8221;{}&#8221;][et_pb_row custom_padding_last_edited=&#8221;on|desktop&#8221; _builder_version=&#8221;4.16&#8243; _module_preset=&#8221;default&#8221; custom_padding=&#8221;||||false|false&#8221; custom_padding_tablet=&#8221;||||false|false&#8221; custom_padding_phone=&#8221;||||false|false&#8221; scroll_fade_enable=&#8221;on&#8221; scroll_fade=&#8221;0|46|46|100|100%|100%|0%&#8221; scroll_scaling_enable=&#8221;on&#8221; scroll_scaling=&#8221;0|48|48|100|100%|100|80%&#8221; motion_trigger_start=&#8221;bottom&#8221; global_colors_info=&#8221;{}&#8221;][et_pb_column type=&#8221;4_4&#8243; _builder_version=&#8221;4.16&#8243; _module_preset=&#8221;default&#8221; global_colors_info=&#8221;{}&#8221;][et_pb_text _builder_version=&#8221;4.16&#8243; _module_preset=&#8221;default&#8221; animation_style=&#8221;fade&#8221; animation_duration=&#8221;2000ms&#8221; global_colors_info=&#8221;{}&#8221;]<\/p>\n<h1 class=\"main-heading\" style=\"text-align: center;\">V\u00e4lkommen till Gynekolog\u00adgruppen Kungsgatan<\/h1>\n<p>[\/et_pb_text][et_pb_text _builder_version=&#8221;4.16&#8243; _module_preset=&#8221;default&#8221; animation_style=&#8221;fade&#8221; animation_duration=&#8221;2000ms&#8221; animation_delay=&#8221;1500ms&#8221; global_colors_info=&#8221;{}&#8221;]<\/p>\n<h1 class=\"main-heading\" style=\"text-align: center;\">Vi utvecklar och f\u00f6rb\u00e4ttrar v\u00e5rden f\u00f6r kvinnor<\/h1>\n<p>[\/et_pb_text][\/et_pb_column][\/et_pb_row][\/et_pb_section][et_pb_section fb_built=&#8221;1&#8243; admin_label=&#8221;Verksamheten&#8221; _builder_version=&#8221;4.16&#8243; _module_preset=&#8221;default&#8221; custom_margin=&#8221;||0px||false|false&#8221; custom_padding=&#8221;||0px||false|false&#8221; animation_style=&#8221;fade&#8221; animation_delay=&#8221;200ms&#8221; collapsed=&#8221;on&#8221; global_colors_info=&#8221;{}&#8221;][et_pb_row _builder_version=&#8221;4.16&#8243; _module_preset=&#8221;default&#8221; custom_margin=&#8221;||||false|false&#8221; custom_padding=&#8221;63px|||||&#8221; animation_style=&#8221;fade&#8221; collapsed=&#8221;on&#8221; global_colors_info=&#8221;{}&#8221;][et_pb_column type=&#8221;4_4&#8243; _builder_version=&#8221;4.16&#8243; _module_preset=&#8221;default&#8221; global_colors_info=&#8221;{}&#8221;][et_pb_text _builder_version=&#8221;4.27.4&#8243; _module_preset=&#8221;default&#8221; text_font=&#8221;|300|||||||&#8221; text_font_size=&#8221;28px&#8221; text_line_height=&#8221;38px&#8221; text_orientation=&#8221;center&#8221; text_font_size_tablet=&#8221;24px&#8221; text_font_size_phone=&#8221;20px&#8221; text_font_size_last_edited=&#8221;on|phone&#8221; text_line_height_tablet=&#8221;34px&#8221; text_line_height_phone=&#8221;30px&#8221; text_line_height_last_edited=&#8221;on|phone&#8221; text_orientation_tablet=&#8221;&#8221; text_orientation_phone=&#8221;left&#8221; text_orientation_last_edited=&#8221;on|phone&#8221; global_colors_info=&#8221;{}&#8221;]<\/p>\n<p align=\"center\" style=\"text-align: left;\">Gynekologgruppen \u00e4r en specialistmottagning som \u00e4r helt\u00e4ckande inom gynekologisk \u00f6ppenv\u00e5rd. Vi \u00e4r en del av N\u00f6tk\u00e4rnan V\u00e5rd och Omsorg. Du hittar oss p\u00e5 Kungsgatan 32 d\u00e4r \u00e4ven v\u00e5rt systerf\u00f6retag Barnmorskegruppen h\u00e5ller till.<\/p>\n<p align=\"center\" style=\"text-align: left;\">Vi arbetar p\u00e5 uppdrag av Region V\u00e4stra G\u00f6taland och har samma villkor och avgifter som inom den offentliga v\u00e5rden.<\/p>\n<p>[\/et_pb_text][\/et_pb_column][\/et_pb_row][et_pb_row custom_padding_last_edited=&#8221;on|phone&#8221; _builder_version=&#8221;4.26.0&#8243; _module_preset=&#8221;default&#8221; background_enable_color=&#8221;off&#8221; min_height=&#8221;568.3px&#8221; custom_margin=&#8221;40px||||false|false&#8221; custom_margin_tablet=&#8221;&#8221; custom_margin_phone=&#8221;&#8221; custom_margin_last_edited=&#8221;on|desktop&#8221; custom_padding=&#8221;|60px|0px|60px|false|false&#8221; custom_padding_tablet=&#8221;|0px||0px|false|false&#8221; custom_padding_phone=&#8221;&#8221; background_last_edited=&#8221;on|desktop&#8221; background_enable_color_phone=&#8221;off&#8221; custom_css_main_element=&#8221;border-radius:20px&#8221; collapsed=&#8221;on&#8221; global_colors_info=&#8221;{}&#8221;][et_pb_column type=&#8221;4_4&#8243; _builder_version=&#8221;4.16&#8243; _module_preset=&#8221;default&#8221; global_colors_info=&#8221;{}&#8221;][et_pb_text _builder_version=&#8221;4.17.4&#8243; _module_preset=&#8221;default&#8221; custom_padding=&#8221;||||false|false&#8221; custom_padding_tablet=&#8221;&#8221; custom_padding_phone=&#8221;||||false|false&#8221; custom_padding_last_edited=&#8221;on|desktop&#8221; animation_style=&#8221;fade&#8221; global_colors_info=&#8221;{}&#8221;]<\/p>\n<h1>Bes\u00f6k hos oss<\/h1>\n<p>Vi kan tyv\u00e4rr <span style=\"text-decoration: underline;\">inte<\/span> boka tid via telefonen utan alla bes\u00f6k sker efter en remiss fr\u00e5n din allm\u00e4nl\u00e4kare eller annan specialistl\u00e4kare.<\/p>\n<p>Du kan \u00e4ven skriva en\u00a0 egenremiss som du finner p\u00e5 <a href=\"https:\/\/www.1177.se\/Vastra-Gotaland\/hitta-vard\/kontaktkort\/Gynekologgruppen-Goteborg\/\"><span>1177.se<\/span><\/a>. Din remiss kommer bed\u00f6mas som andra remisser och vi h\u00f6r av oss inom tv\u00e5 veckor. P\u00e5 Gynekologgruppen har vi b\u00e5de manliga och kvinnliga l\u00e4kare och det g\u00e5r inte att v\u00e4lja l\u00e4kare efter k\u00f6n, etnicitet eller \u00e5lder.<\/p>\n<p>D\u00e5 vi har tr\u00e5ngt i v\u00e5ra lokaler medf\u00f6r det att <span style=\"text-decoration: underline;\">inga anh\u00f6riga<\/span> kan f\u00f6lja med p\u00e5 bes\u00f6ket eller v\u00e4nta i v\u00e4ntrummet.<\/p>\n<p>&nbsp;<\/p>\n<p>VGR har beslutat att alla telefonsamtal med l\u00e4kare eller barnmorska fr\u00e5n den 1\/11 &#8211; 25 utg\u00e5r en patientavgift.<\/p>\n<p>Patientavgiften skall vara betald innan telefonsamtalet via l\u00e4nken som kommer vid bokning.<\/p>\n<p>L\u00e4karsamtal 240:-\u00a0<\/p>\n<p>Barnmorska 80:-<\/p>\n<p>&nbsp;<\/p>\n<p>[\/et_pb_text][et_pb_text _builder_version=&#8221;4.16&#8243; _module_preset=&#8221;default&#8221; custom_margin=&#8221;120px||||false|false&#8221; custom_padding=&#8221;||||false|false&#8221; custom_padding_tablet=&#8221;&#8221; custom_padding_phone=&#8221;||||false|false&#8221; custom_padding_last_edited=&#8221;on|desktop&#8221; animation_style=&#8221;fade&#8221; global_colors_info=&#8221;{}&#8221;]<\/p>\n<h1>\u00c4r du\u00a0<span>o\u00f6nskat<\/span> gravid och funderar p\u00e5 abort?<\/h1>\n<p>Abortmottagning gynekologi \u00d6stra sjukhuset har en r\u00e5dgivnings-tidsbest\u00e4llningstelefon d\u00e4r du f\u00e5r prata med en barnmorska som informerar dig om de olika abortmetoderna som finns och bokar tid f\u00f6r ett gynekologbes\u00f6k. Ring <nobr>031-343 42 15.<\/nobr> Vi p\u00e5 Gynekologgruppen genomf\u00f6r medicinska aborter, d\u00e4remot \u00e4r det \u00d6stra Sjukhuset som bokar in och hj\u00e4lper dig med allt kring detta.<\/p>\n<p>[\/et_pb_text][et_pb_text _builder_version=&#8221;4.27.4&#8243; _module_preset=&#8221;default&#8221; custom_margin=&#8221;120px||||false|false&#8221; custom_padding=&#8221;||||false|false&#8221; custom_padding_tablet=&#8221;&#8221; custom_padding_phone=&#8221;||||false|false&#8221; custom_padding_last_edited=&#8221;on|desktop&#8221; animation_style=&#8221;fade&#8221; global_colors_info=&#8221;{}&#8221;]<\/p>\n<h1>Vill du jobba tillsammans med oss?<\/h1>\n<p>Nu s\u00f6ker vi en gynekolog till v\u00e5rt h\u00e4rliga team! L\u00e4s mer och s\u00f6k tj\u00e4nsten <a href=\"https:\/\/www.notkarnan.se\/job\/\">h\u00e4r<\/a>. Har du fr\u00e5gor om tj\u00e4nsten kan du kontakta <a href=\"mailto:eva.herlenius@barnmorskegruppen.se\">Eva Herlenius<\/a>.<\/p>\n<p>[\/et_pb_text][et_pb_divider show_divider=&#8221;off&#8221; _builder_version=&#8221;4.16&#8243; _module_preset=&#8221;default&#8221; height=&#8221;30px&#8221; global_colors_info=&#8221;{}&#8221;][\/et_pb_divider][\/et_pb_column][\/et_pb_row][\/et_pb_section][et_pb_section fb_built=&#8221;1&#8243; admin_label=&#8221;\u00d6ppettider \/ Kontakt oss&#8221; module_id=&#8221;oppettider&#8221; _builder_version=&#8221;4.27.4&#8243; _module_preset=&#8221;default&#8221; background_color=&#8221;#f8f4e5&#8243; custom_margin=&#8221;30px||||false|false&#8221; custom_padding=&#8221;30px||50px||false|false&#8221; collapsed=&#8221;off&#8221; global_colors_info=&#8221;{}&#8221;][et_pb_row column_structure=&#8221;1_3,1_3,1_3&#8243; use_custom_gutter=&#8221;on&#8221; gutter_width=&#8221;2&#8243; custom_padding_last_edited=&#8221;on|tablet&#8221; _builder_version=&#8221;4.16&#8243; _module_preset=&#8221;default&#8221; custom_padding=&#8221;|60px|0px|60px|false|false&#8221; custom_padding_tablet=&#8221;|0px||0px|false|false&#8221; custom_padding_phone=&#8221;&#8221; global_colors_info=&#8221;{}&#8221;][et_pb_column type=&#8221;1_3&#8243; _builder_version=&#8221;4.16&#8243; _module_preset=&#8221;default&#8221; global_colors_info=&#8221;{}&#8221;][et_pb_text disabled_on=&#8221;off|off|off&#8221; module_id=&#8221;oppettider&#8221; _builder_version=&#8221;4.27.2&#8243; _module_preset=&#8221;default&#8221; custom_margin=&#8221;||0px||false|false&#8221; custom_padding=&#8221;30px||0px||false|false&#8221; animation_style=&#8221;fade&#8221; global_colors_info=&#8221;{}&#8221;]<\/p>\n<h2 style=\"margin-bottom: 5px; text-align: left;\"><strong>\u00d6ppettider<\/strong><strong><span style=\"text-decoration: underline;\"><\/span><\/strong><\/h2>\n<table style=\"border: none; width: auto;\">\n<tbody>\n<tr>\n<td style=\"text-align: left; padding-right: 20px;\"><strong>M\u00e5ndag<\/strong><\/td>\n<td style=\"text-align: right;\"><strong>07.30 \u2013 17.00<\/strong><\/td>\n<\/tr>\n<tr>\n<td style=\"text-align: left;\"><strong>Tisdag<\/strong><\/td>\n<td style=\"text-align: right;\"><strong>07.30 \u2013 16.00<\/strong><\/td>\n<\/tr>\n<tr>\n<td style=\"text-align: left;\"><strong>Onsdag<\/strong><\/td>\n<td style=\"text-align: right;\"><strong>07.30 \u2013 16.00<\/strong><\/td>\n<\/tr>\n<tr>\n<td style=\"text-align: left;\"><strong>Torsdag<\/strong><\/td>\n<td style=\"text-align: right;\"><strong>07.30 \u2013 16.00<\/strong><\/td>\n<\/tr>\n<tr>\n<td style=\"text-align: left;\"><strong>Fredag<\/strong><\/td>\n<td style=\"text-align: right;\"><strong>07.30 \u2013 15.00<\/strong><\/td>\n<\/tr>\n<\/tbody>\n<\/table>\n<p>Vi tar endast kortbetalning <span class=\"nobr\">\u2013 inga kontanter.<\/span><\/p>\n<p>[\/et_pb_text][\/et_pb_column][et_pb_column type=&#8221;1_3&#8243; _builder_version=&#8221;4.16&#8243; _module_preset=&#8221;default&#8221; global_colors_info=&#8221;{}&#8221;][et_pb_text module_id=&#8221;kontakta&#8221; _builder_version=&#8221;4.26.0&#8243; _module_preset=&#8221;default&#8221; custom_margin=&#8221;||0px||false|false&#8221; custom_padding=&#8221;30px||0px||false|false&#8221; animation_style=&#8221;fade&#8221; global_colors_info=&#8221;{}&#8221;]<\/p>\n<h2 style=\"margin-bottom: 5px;\"><strong>Kontakta oss<\/strong><span style=\"text-decoration: underline;\"><strong><br \/><\/strong><\/span><\/h2>\n<p style=\"text-align: left;\"><strong>Telefon\u00a0<\/strong>031-351 80 80<br \/><strong>Ej tidsbokning \u2013 endast remiss<br \/><\/strong>M\u00e5ndag \u2013 fredag: <span>08.30 \u2013 10.00<\/span><\/p>\n<p style=\"text-align: left;\">Du n\u00e5r oss smidigast via <span><a href=\"https:\/\/www.1177.se\/Vastra-Gotaland\/hitta-vard\/kontaktkort\/Gynekologgruppen-Goteborg\/\"><nobr>1177.se<\/nobr><\/a><\/span><\/p>\n<p><a href=\"https:\/\/www.1177.se\/Vastra-Gotaland\/hitta-vard\/kontaktkort\/Gynekologgruppen-Goteborg\/\"> <\/a><\/p>\n<p>[\/et_pb_text][\/et_pb_column][et_pb_column type=&#8221;1_3&#8243; _builder_version=&#8221;4.16&#8243; _module_preset=&#8221;default&#8221; global_colors_info=&#8221;{}&#8221;][et_pb_text _builder_version=&#8221;4.26.0&#8243; _module_preset=&#8221;default&#8221; custom_margin=&#8221;||20px||false|false&#8221; custom_padding=&#8221;30px||||false|false&#8221; animation_style=&#8221;fade&#8221; global_colors_info=&#8221;{}&#8221;]<\/p>\n<h2 style=\"margin-bottom: 5px; text-align: left;\"><strong>Hitta hit<\/strong><\/h2>\n<p style=\"text-align: left;\"><strong>Bes\u00f6ksadress<br \/><\/strong>Kungsgatan 32<br \/>411 19 G\u00f6teborg<\/p>\n<p style=\"text-align: left;\">Hitta till oss via <a href=\"\/karta.html\">kartan<\/a><\/p>\n<p>[\/et_pb_text][\/et_pb_column][\/et_pb_row][\/et_pb_section][et_pb_section fb_built=&#8221;1&#8243; admin_label=&#8221;Medarbetare&#8221; _builder_version=&#8221;4.16&#8243; _module_preset=&#8221;default&#8221; collapsed=&#8221;off&#8221; global_colors_info=&#8221;{}&#8221;][et_pb_row column_structure=&#8221;1_4,1_4,1_4,1_4&#8243; use_custom_gutter=&#8221;on&#8221; gutter_width=&#8221;2&#8243; module_id=&#8221;medarbetare&#8221; module_class=&#8221;circular medarbetare&#8221; _builder_version=&#8221;4.16&#8243; _module_preset=&#8221;default&#8221; background_enable_color=&#8221;off&#8221; min_height=&#8221;197px&#8221; custom_margin=&#8221;0px||0px||false|false&#8221; custom_padding=&#8221;|60px||60px|false|false&#8221; collapsed=&#8221;on&#8221; global_colors_info=&#8221;{}&#8221;][et_pb_column type=&#8221;1_4&#8243; _builder_version=&#8221;4.16&#8243; _module_preset=&#8221;default&#8221; global_colors_info=&#8221;{}&#8221;][et_pb_image src=&#8221;https:\/\/gyngruppen.se\/wp-content\/uploads\/2020\/11\/Eva-h.jpg&#8221; alt=&#8221;Eva Herlenius VD\/Verksamhetschef, Gynekologgruppen&#8221; title_text=&#8221;Eva Herlenius VD\/Verksamhetschef, Gynekologgruppen&#8221; align=&#8221;center&#8221; _builder_version=&#8221;4.16&#8243; _module_preset=&#8221;default&#8221; width_tablet=&#8221;80%&#8221; width_phone=&#8221;&#8221; width_last_edited=&#8221;on|phone&#8221; max_width_tablet=&#8221;&#8221; max_width_phone=&#8221;&#8221; max_width_last_edited=&#8221;on|phone&#8221; module_alignment=&#8221;center&#8221; custom_margin=&#8221;20px||||false|false&#8221; animation_style=&#8221;fade&#8221; global_colors_info=&#8221;{}&#8221;][\/et_pb_image][et_pb_text _builder_version=&#8221;4.16&#8243; _module_preset=&#8221;default&#8221; custom_margin=&#8221;|-10px||||&#8221; animation_style=&#8221;fade&#8221; global_colors_info=&#8221;{}&#8221;]<\/p>\n<p style=\"text-align: center;\"><strong>Eva\u00a0Herlenius<\/strong><br \/>VD\/Verksamhetschef<\/p>\n<p>[\/et_pb_text][\/et_pb_column][et_pb_column type=&#8221;1_4&#8243; _builder_version=&#8221;4.16&#8243; _module_preset=&#8221;default&#8221; global_colors_info=&#8221;{}&#8221;][et_pb_image src=&#8221;https:\/\/gyngruppen.se\/wp-content\/uploads\/2020\/12\/irina-ktsoeva.jpg&#8221; alt=&#8221;Irina Ktsoeva Specialistl\u00e4kare i obstetrik och gynekologi&#8221; title_text=&#8221;Irina Ktsoeva Specialistl\u00e4kare i obstetrik och gynekologi&#8221; align=&#8221;center&#8221; _builder_version=&#8221;4.16&#8243; _module_preset=&#8221;default&#8221; width_tablet=&#8221;80%&#8221; width_phone=&#8221;&#8221; width_last_edited=&#8221;on|phone&#8221; max_width_tablet=&#8221;&#8221; max_width_phone=&#8221;&#8221; max_width_last_edited=&#8221;on|phone&#8221; module_alignment=&#8221;center&#8221; custom_margin=&#8221;20px||||false|false&#8221; animation_style=&#8221;fade&#8221; animation_delay=&#8221;100ms&#8221; global_colors_info=&#8221;{}&#8221;][\/et_pb_image][et_pb_text _builder_version=&#8221;4.16&#8243; _module_preset=&#8221;default&#8221; animation_style=&#8221;fade&#8221; animation_delay=&#8221;100ms&#8221; global_colors_info=&#8221;{}&#8221;]<\/p>\n<p style=\"text-align: center;\"><strong>Irina Ktsoeva<\/strong><br \/> Specialistl\u00e4kare i obstetrik och gynekologi<\/p>\n<p>[\/et_pb_text][\/et_pb_column][et_pb_column type=&#8221;1_4&#8243; _builder_version=&#8221;4.16&#8243; _module_preset=&#8221;default&#8221; global_colors_info=&#8221;{}&#8221;][et_pb_image src=&#8221;https:\/\/gyngruppen.se\/wp-content\/uploads\/2022\/04\/j.jpg&#8221; title_text=&#8221;j&#8221; align=&#8221;center&#8221; _builder_version=&#8221;4.16.1&#8243; _module_preset=&#8221;default&#8221; width_tablet=&#8221;80%&#8221; width_phone=&#8221;&#8221; width_last_edited=&#8221;on|phone&#8221; max_width_tablet=&#8221;&#8221; max_width_phone=&#8221;&#8221; max_width_last_edited=&#8221;on|phone&#8221; module_alignment=&#8221;center&#8221; custom_margin=&#8221;20px||||false|false&#8221; animation_style=&#8221;fade&#8221; animation_delay=&#8221;200ms&#8221; global_colors_info=&#8221;{}&#8221;][\/et_pb_image][et_pb_text _builder_version=&#8221;4.16&#8243; _module_preset=&#8221;default&#8221; animation_style=&#8221;fade&#8221; animation_delay=&#8221;200ms&#8221; global_colors_info=&#8221;{}&#8221;]<\/p>\n<p style=\"text-align: center;\"><strong>Jozsef Barabas<\/strong><br \/> Specialistl\u00e4kare i obstetrik och gynekologi<\/p>\n<p>[\/et_pb_text][\/et_pb_column][et_pb_column type=&#8221;1_4&#8243; _builder_version=&#8221;4.16&#8243; _module_preset=&#8221;default&#8221; global_colors_info=&#8221;{}&#8221;][et_pb_image src=&#8221;https:\/\/gyngruppen.se\/wp-content\/uploads\/2020\/11\/avatar-m.png&#8221; title_text=&#8221;avatar-m&#8221; align=&#8221;center&#8221; _builder_version=&#8221;4.16&#8243; _module_preset=&#8221;default&#8221; width_tablet=&#8221;80%&#8221; width_phone=&#8221;&#8221; width_last_edited=&#8221;on|phone&#8221; max_width_tablet=&#8221;&#8221; max_width_phone=&#8221;&#8221; max_width_last_edited=&#8221;on|phone&#8221; module_alignment=&#8221;center&#8221; custom_margin=&#8221;20px||||false|false&#8221; animation_style=&#8221;fade&#8221; animation_delay=&#8221;200ms&#8221; global_colors_info=&#8221;{}&#8221;][\/et_pb_image][et_pb_text _builder_version=&#8221;4.16&#8243; _module_preset=&#8221;default&#8221; animation_style=&#8221;fade&#8221; animation_delay=&#8221;200ms&#8221; global_colors_info=&#8221;{}&#8221;]<\/p>\n<p style=\"text-align: center;\"><strong>Helmut Pschera<\/strong><br \/>\nSpecialistl\u00e4kare i obstetrik och gynekologi<\/p>\n<p>[\/et_pb_text][\/et_pb_column][\/et_pb_row][et_pb_row column_structure=&#8221;1_4,1_4,1_4,1_4&#8243; module_class=&#8221;circular medarbetare&#8221; _builder_version=&#8221;4.16&#8243; _module_preset=&#8221;default&#8221; custom_padding=&#8221;|60px||60px|false|false&#8221; global_colors_info=&#8221;{}&#8221;][et_pb_column type=&#8221;1_4&#8243; _builder_version=&#8221;4.16&#8243; _module_preset=&#8221;default&#8221; global_colors_info=&#8221;{}&#8221;][et_pb_image src=&#8221;https:\/\/gyngruppen.se\/wp-content\/uploads\/2020\/12\/marie-henricson.jpg&#8221; alt=&#8221;Marie Henricson Barnmorska&#8221; title_text=&#8221;Marie Henricson Barnmorska&#8221; align=&#8221;center&#8221; _builder_version=&#8221;4.16&#8243; _module_preset=&#8221;default&#8221; width_tablet=&#8221;80%&#8221; width_phone=&#8221;&#8221; width_last_edited=&#8221;on|phone&#8221; max_width_tablet=&#8221;&#8221; max_width_phone=&#8221;&#8221; max_width_last_edited=&#8221;on|phone&#8221; module_alignment=&#8221;center&#8221; custom_margin=&#8221;20px||||false|false&#8221; animation_style=&#8221;fade&#8221; animation_delay=&#8221;300ms&#8221; global_colors_info=&#8221;{}&#8221;][\/et_pb_image][et_pb_text _builder_version=&#8221;4.16&#8243; _module_preset=&#8221;default&#8221; animation_style=&#8221;fade&#8221; animation_delay=&#8221;300ms&#8221; global_colors_info=&#8221;{}&#8221;]<\/p>\n<p style=\"text-align: center;\"><strong>Marie Henricson<\/strong><br \/> Barnmorska<\/p>\n<p>[\/et_pb_text][\/et_pb_column][et_pb_column type=&#8221;1_4&#8243; _builder_version=&#8221;4.16&#8243; _module_preset=&#8221;default&#8221; global_colors_info=&#8221;{}&#8221;][et_pb_image src=&#8221;https:\/\/gynekologgruppen.se\/wp-content\/uploads\/2024\/04\/carola-hansson.jpg&#8221; alt=&#8221;Sabine Lind Undersk\u00f6terska&#8221; title_text=&#8221;carola-hansson&#8221; align=&#8221;center&#8221; _builder_version=&#8221;4.25.0&#8243; _module_preset=&#8221;default&#8221; width_tablet=&#8221;80%&#8221; width_phone=&#8221;&#8221; width_last_edited=&#8221;on|phone&#8221; max_width_tablet=&#8221;&#8221; max_width_phone=&#8221;&#8221; max_width_last_edited=&#8221;on|phone&#8221; module_alignment=&#8221;center&#8221; custom_margin=&#8221;20px||||false|false&#8221; animation_style=&#8221;fade&#8221; animation_delay=&#8221;400ms&#8221; global_colors_info=&#8221;{}&#8221;][\/et_pb_image][et_pb_text _builder_version=&#8221;4.23.1&#8243; _module_preset=&#8221;default&#8221; animation_style=&#8221;fade&#8221; animation_delay=&#8221;400ms&#8221; global_colors_info=&#8221;{}&#8221;]<\/p>\n<p style=\"text-align: center;\"><strong>Carola Hansson<\/strong><br \/>Undersk\u00f6terska<\/p>\n<p>[\/et_pb_text][\/et_pb_column][et_pb_column type=&#8221;1_4&#8243; _builder_version=&#8221;4.16&#8243; _module_preset=&#8221;default&#8221; global_colors_info=&#8221;{}&#8221;][et_pb_image src=&#8221;https:\/\/gynekologgruppen.se\/wp-content\/uploads\/2024\/04\/linda-albrektsson.jpg&#8221; title_text=&#8221;linda-albrektsson&#8221; align=&#8221;center&#8221; _builder_version=&#8221;4.24.3&#8243; _module_preset=&#8221;default&#8221; width_tablet=&#8221;80%&#8221; width_phone=&#8221;80%&#8221; width_last_edited=&#8221;on|phone&#8221; max_width_tablet=&#8221;&#8221; max_width_phone=&#8221;&#8221; max_width_last_edited=&#8221;on|phone&#8221; module_alignment=&#8221;center&#8221; custom_margin=&#8221;20px||||false|false&#8221; animation_style=&#8221;fade&#8221; animation_delay=&#8221;400ms&#8221; global_colors_info=&#8221;{}&#8221;][\/et_pb_image][et_pb_text _builder_version=&#8221;4.23.1&#8243; _module_preset=&#8221;default&#8221; animation_style=&#8221;fade&#8221; animation_delay=&#8221;500ms&#8221; global_colors_info=&#8221;{}&#8221;]<\/p>\n<p style=\"text-align: center;\"><strong>Linda Albrektsson<\/strong><br \/>Undersk\u00f6terska<\/p>\n<p>[\/et_pb_text][\/et_pb_column][et_pb_column type=&#8221;1_4&#8243; _builder_version=&#8221;4.16&#8243; _module_preset=&#8221;default&#8221; global_colors_info=&#8221;{}&#8221;][\/et_pb_column][\/et_pb_row][\/et_pb_section][et_pb_section fb_built=&#8221;1&#8243; admin_label=&#8221;V\u00e5rdtagare&#8221; module_id=&#8221;vardgivare&#8221; _builder_version=&#8221;4.27.4&#8243; _module_preset=&#8221;default&#8221; custom_margin=&#8221;||||false|false&#8221; custom_padding=&#8221;||0px|||&#8221; animation_style=&#8221;fade&#8221; animation_delay=&#8221;100ms&#8221; collapsed=&#8221;off&#8221; global_colors_info=&#8221;{}&#8221;][et_pb_row _builder_version=&#8221;4.27.4&#8243; _module_preset=&#8221;default&#8221; background_color=&#8221;#f8f4e5&#8243; custom_margin=&#8221;||300px||false|false&#8221; custom_margin_tablet=&#8221;||50px||false|false&#8221; custom_margin_phone=&#8221;&#8221; custom_margin_last_edited=&#8221;on|desktop&#8221; background_last_edited=&#8221;on|desktop&#8221; background_enable_color_phone=&#8221;off&#8221; custom_css_main_element=&#8221;border-radius:20px&#8221; collapsed=&#8221;on&#8221; global_colors_info=&#8221;{}&#8221;][et_pb_column type=&#8221;4_4&#8243; _builder_version=&#8221;4.16&#8243; _module_preset=&#8221;default&#8221; global_colors_info=&#8221;{}&#8221;][et_pb_text _builder_version=&#8221;4.17.4&#8243; _module_preset=&#8221;default&#8221; custom_padding=&#8221;30px|60px|30px|60px|false|false&#8221; custom_padding_tablet=&#8221;&#8221; custom_padding_phone=&#8221;0px|0px|0px|0px|false|false&#8221; custom_padding_last_edited=&#8221;on|phone&#8221; global_colors_info=&#8221;{}&#8221;]<\/p>\n<h1 style=\"text-align: left;\"><strong>F\u00f6r v\u00e5rdgivare<\/strong><\/h1>\n<p style=\"text-align: left;\"><span>Gynekologgruppen \u00e4r en del av Barnmorskegruppen i G\u00f6teborg AB. Vi har avtal med VGR . V\u00e4lkomna med era remisser. <\/span><\/p>\n<p style=\"text-align: left;\">[\/et_pb_text][\/et_pb_column][\/et_pb_row][\/et_pb_section]<\/p>\n","protected":false},"excerpt":{"rendered":"<p>V\u00e4lkommen till Gynekolog\u00adgruppen KungsgatanVi utvecklar och f\u00f6rb\u00e4ttrar v\u00e5rden f\u00f6r kvinnorGynekologgruppen \u00e4r en specialistmottagning som \u00e4r helt\u00e4ckande inom gynekologisk \u00f6ppenv\u00e5rd. Vi \u00e4r en del av N\u00f6tk\u00e4rnan V\u00e5rd och Omsorg. Du hittar oss p\u00e5 Kungsgatan 32 d\u00e4r \u00e4ven v\u00e5rt systerf\u00f6retag Barnmorskegruppen h\u00e5ller till. Vi arbetar p\u00e5 uppdrag av Region V\u00e4stra G\u00f6taland och har samma villkor och avgifter [&hellip;]<\/p>\n","protected":false},"author":2,"featured_media":0,"parent":0,"menu_order":0,"comment_status":"closed","ping_status":"closed","template":"","meta":{"_et_pb_use_builder":"on","_et_pb_old_content":"","_et_gb_content_width":"","footnotes":""},"class_list":["post-23","page","type-page","status-publish","hentry"],"_links":{"self":[{"href":"https:\/\/gynekologgruppen.se\/index.php?rest_route=\/wp\/v2\/pages\/23","targetHints":{"allow":["GET"]}}],"collection":[{"href":"https:\/\/gynekologgruppen.se\/index.php?rest_route=\/wp\/v2\/pages"}],"about":[{"href":"https:\/\/gynekologgruppen.se\/index.php?rest_route=\/wp\/v2\/types\/page"}],"author":[{"embeddable":true,"href":"https:\/\/gynekologgruppen.se\/index.php?rest_route=\/wp\/v2\/users\/2"}],"replies":[{"embeddable":true,"href":"https:\/\/gynekologgruppen.se\/index.php?rest_route=%2Fwp%2Fv2%2Fcomments&post=23"}],"version-history":[{"count":203,"href":"https:\/\/gynekologgruppen.se\/index.php?rest_route=\/wp\/v2\/pages\/23\/revisions"}],"predecessor-version":[{"id":1730,"href":"https:\/\/gynekologgruppen.se\/index.php?rest_route=\/wp\/v2\/pages\/23\/revisions\/1730"}],"wp:attachment":[{"href":"https:\/\/gynekologgruppen.se\/index.php?rest_route=%2Fwp%2Fv2%2Fmedia&parent=23"}],"curies":[{"name":"wp","href":"https:\/\/api.w.org\/{rel}","templated":true}]}}